{"id":210,"date":"2016-09-21T18:25:37","date_gmt":"2016-09-21T18:25:37","guid":{"rendered":"http:\/\/test.schweess-foeoess.de\/?page_id=210"},"modified":"2016-12-09T14:16:30","modified_gmt":"2016-12-09T14:16:30","slug":"210-2","status":"publish","type":"page","link":"http:\/\/test.schweess-foeoess.de\/?page_id=210","title":{"rendered":"Textarchiv"},"content":{"rendered":"<h1><span class=\"sc f bd x16 u \">Lieder \u00fcber Land und Leute \/ Lokale Lieder \u00fcber D\u00fcren und Umgebung<\/span><\/h1>\n<p>Ihr k\u00f6nnt die Texte als DOC-Dateien einsehen oder herunterladen<\/p>\n<ul>\n<li><span style=\"color: #000000;\"><a style=\"color: #000000;\" href=\"http:\/\/test.schweess-foeoess.de\/wp-content\/uploads\/2016\/09\/ANAKIRM.doc\">Annakirmes (D\u00fcrens gro\u00dfes Volksfest mit rund 1 Mio. Besuchern)<\/a><\/span><\/li>\n<li><span style=\"color: #000000;\"><a style=\"color: #000000;\" href=\"http:\/\/test.schweess-foeoess.de\/wp-content\/uploads\/2016\/09\/ANGERSCH.doc\">Alles angersch (in D\u00fcren ist alles anders )<\/a><\/span><\/li>\n<li><span style=\"color: #000000;\"><a style=\"color: #000000;\" href=\"http:\/\/test.schweess-foeoess.de\/wp-content\/uploads\/2016\/09\/ANNA.doc\">Anna (Sankt Anna &#8211; die Schutzpatronin von D\u00fcren)<\/a><\/span><\/li>\n<li><span style=\"color: #000000;\"><a style=\"color: #000000;\" href=\"http:\/\/test.schweess-foeoess.de\/wp-content\/uploads\/2016\/09\/BAGGER.doc\">Baggerfahrer (Tagebau Hambach &#8211; das gr\u00f6\u00dfte Loch der Erde)<\/a><\/span><\/li>\n<li><span style=\"color: #000000;\"><a style=\"color: #000000;\" href=\"http:\/\/test.schweess-foeoess.de\/wp-content\/uploads\/2016\/09\/BAHNHOFF.doc\">Bahnhoff (Vom D\u00fcrener Bahnhof aus geht es zum &#8222;Bund&#8220;)<\/a><\/span><\/li>\n<li><span style=\"color: #000000;\"><a style=\"color: #000000;\" href=\"http:\/\/test.schweess-foeoess.de\/wp-content\/uploads\/2016\/09\/Duere-ming-Stadt.doc\">D\u00fcre, ming Stadt (&#8222;Liebeserkl\u00e4rung&#8220; an unsere Stadt)<\/a><\/span><\/li>\n<li><span style=\"color: #000000;\"><a style=\"color: #000000;\" href=\"http:\/\/test.schweess-foeoess.de\/wp-content\/uploads\/2016\/09\/die-jehueuere-dobei.doc\">Die jeh\u00fcre dobei (Die D\u00fcrener Originale geh\u00f6ren mit zur Stadt)<\/a><\/span><\/li>\n<li><span style=\"color: #000000;\"><a style=\"color: #000000;\" href=\"http:\/\/test.schweess-foeoess.de\/wp-content\/uploads\/2016\/09\/DanzebeimSchwing.doc\">Danze beim Schwing (Maic Schwing- D\u00fcrens Tanzschule Nr. 1 in den 60er und 70er Jahren)<\/a><\/span><\/li>\n<li><span style=\"color: #000000;\"><a style=\"color: #000000;\" href=\"http:\/\/test.schweess-foeoess.de\/wp-content\/uploads\/2016\/09\/Eifel.doc\">Eefel, maach et joht ! (Unsere Eifel vor den Toren D\u00fcrens)<\/a><\/span><\/li>\n<li><span style=\"color: #000000;\"><a style=\"color: #000000;\" href=\"http:\/\/test.schweess-foeoess.de\/wp-content\/uploads\/2016\/09\/FASTELO2.doc\">Fastelovend (Die &#8222;f\u00fcnfte&#8220; Jahreszeit in D\u00fcren)<\/a><\/span><\/li>\n<li><span style=\"color: #000000;\"><a style=\"color: #000000;\" href=\"http:\/\/test.schweess-foeoess.de\/wp-content\/uploads\/2016\/09\/Haens_uss_Blens.doc\">H\u00e4ns uss Blens (Aus dem beschaulichen Eifeldorf Blens bei Heimbach)<\/a><\/span><\/li>\n<li><span style=\"color: #000000;\"><a style=\"color: #000000;\" href=\"http:\/\/test.schweess-foeoess.de\/wp-content\/uploads\/2016\/09\/HEIMBACH.doc\">Heimbach-B\u00e4hnche (Die beliebte Rurtalbahn von D\u00fcren nach Heimbach)<\/a><\/span><\/li>\n<li><span style=\"color: #000000;\"><a style=\"color: #000000;\" href=\"http:\/\/test.schweess-foeoess.de\/wp-content\/uploads\/2016\/09\/KAMPAGNE.doc\">Kampagne (Die R\u00fcbenkampagne in D\u00fcren und die Zuckerfabrik sind leider schon Vergangenheit.)<\/a><\/span><\/li>\n<li><span style=\"color: #000000;\"><a style=\"color: #000000;\" href=\"http:\/\/test.schweess-foeoess.de\/wp-content\/uploads\/2016\/09\/RIFLESNEU.doc\">Kentucky Rifles (Western-Treffen im Wibbelruusch\/ Stadtwald Burgau)<\/a><\/span><\/li>\n<li><span style=\"color: #000000;\"><a style=\"color: #000000;\" href=\"http:\/\/test.schweess-foeoess.de\/wp-content\/uploads\/2016\/09\/WendenerenKroezzau.doc\">Ne Wendener en Kroezzau<\/a><\/span><\/li>\n<li><span style=\"color: #000000;\"><a style=\"color: #000000;\" href=\"http:\/\/test.schweess-foeoess.de\/wp-content\/uploads\/2016\/09\/Reindcher-senn.doc\">Reindcher senn \u2026 (Ranger im Nationalpark Eifel)<\/a><\/span><\/li>\n<li><span style=\"color: #000000;\"><a style=\"color: #000000;\" href=\"http:\/\/test.schweess-foeoess.de\/wp-content\/uploads\/2016\/09\/Sach-net-dat-jeng.doc\">Sach net, dat jeng dich janex aan (Das Lied zur Agenda 21 in D\u00fcren)<\/a><\/span><\/li>\n<li><span style=\"color: #000000;\"><a style=\"color: #000000;\" href=\"http:\/\/test.schweess-foeoess.de\/wp-content\/uploads\/2016\/09\/DRAUM2.doc\">Schlerte Droum (Zerst\u00f6rung D\u00fcrens am 16.11.1944)<\/a><\/span><\/li>\n<li><span style=\"color: #000000;\"><a style=\"color: #000000;\" href=\"http:\/\/test.schweess-foeoess.de\/wp-content\/uploads\/2016\/09\/Express.doc\">Titelblatt vom Express (Einmal auf der ersten Seite sein)<\/a><\/span><\/li>\n<li><span style=\"color: #000000;\"><a style=\"color: #000000;\" href=\"http:\/\/test.schweess-foeoess.de\/wp-content\/uploads\/2016\/09\/TonneMuell.doc\">Tonne vun M\u00fcll (M\u00fclldeponie Horm\/ M\u00fcllabfuhr)<\/a><\/span><\/li>\n<li><span style=\"color: #000000;\"><a style=\"color: #000000;\" href=\"http:\/\/test.schweess-foeoess.de\/wp-content\/uploads\/2016\/09\/VoodooinSievernich5.doc\">Voodoo in Sievernich (Marienerscheinung auf dem platten Land)<\/a><\/span><\/li>\n<li><span style=\"color: #000000;\"><a style=\"color: #000000;\" href=\"http:\/\/test.schweess-foeoess.de\/wp-content\/uploads\/2016\/09\/WendenerenKroezzau.doc\">Wendene in Kr\u00f6zzau (Zwischen Winden und Kreuzau liegen Welten)<\/a><\/span><\/li>\n<li><span style=\"color: #000000;\"><a style=\"color: #000000;\" href=\"http:\/\/test.schweess-foeoess.de\/wp-content\/uploads\/2016\/09\/wellnoheim.doc\">Well noheim (Heimweh nach D\u00fcren)<\/a><\/span><\/li>\n<li><a href=\"http:\/\/test.schweess-foeoess.de\/wp-content\/uploads\/2016\/09\/WIRDELST.doc\"><span style=\"color: #000000;\">Wirdelstro\u00dfe-Blues (Die Wirtelstra\u00dfe- D\u00fcrens bekannteste Einkaufsstra\u00dfe)<\/span><\/a><\/li>\n<\/ul>\n","protected":false},"excerpt":{"rendered":"<p>Lieder \u00fcber Land und Leute \/ Lokale Lieder \u00fcber D\u00fcren und Umgebung Ihr k\u00f6nnt die Texte als DOC-Dateien einsehen oder herunterladen Annakirmes (D\u00fcrens gro\u00dfes Volksfest mit rund 1 Mio. Besuchern) Alles angersch (in D\u00fcren ist alles anders ) Anna (Sankt Anna &#8211; die Schutzpatronin von D\u00fcren) Baggerfahrer (Tagebau Hambach &#8211; das gr\u00f6\u00dfte Loch der Erde) &hellip; <a href=\"http:\/\/test.schweess-foeoess.de\/?page_id=210\" class=\"more-link\"><span class=\"screen-reader-text\">Textarchiv<\/span> weiterlesen <span class=\"meta-nav\">&rarr;<\/span><\/a><\/p>\n","protected":false},"author":1,"featured_media":0,"parent":0,"menu_order":0,"comment_status":"closed","ping_status":"closed","template":"","meta":{"footnotes":""},"class_list":["post-210","page","type-page","status-publish","hentry"],"_links":{"self":[{"href":"http:\/\/test.schweess-foeoess.de\/index.php?rest_route=\/wp\/v2\/pages\/210","targetHints":{"allow":["GET"]}}],"collection":[{"href":"http:\/\/test.schweess-foeoess.de\/index.php?rest_route=\/wp\/v2\/pages"}],"about":[{"href":"http:\/\/test.schweess-foeoess.de\/index.php?rest_route=\/wp\/v2\/types\/page"}],"author":[{"embeddable":true,"href":"http:\/\/test.schweess-foeoess.de\/index.php?rest_route=\/wp\/v2\/users\/1"}],"replies":[{"embeddable":true,"href":"http:\/\/test.schweess-foeoess.de\/index.php?rest_route=%2Fwp%2Fv2%2Fcomments&post=210"}],"version-history":[{"count":7,"href":"http:\/\/test.schweess-foeoess.de\/index.php?rest_route=\/wp\/v2\/pages\/210\/revisions"}],"predecessor-version":[{"id":269,"href":"http:\/\/test.schweess-foeoess.de\/index.php?rest_route=\/wp\/v2\/pages\/210\/revisions\/269"}],"wp:attachment":[{"href":"http:\/\/test.schweess-foeoess.de\/index.php?rest_route=%2Fwp%2Fv2%2Fmedia&parent=210"}],"curies":[{"name":"wp","href":"https:\/\/api.w.org\/{rel}","templated":true}]}}